{"id":402,"date":"2024-10-12T21:35:39","date_gmt":"2024-10-12T21:35:39","guid":{"rendered":"https:\/\/shinegalapagos.com\/site\/?page_id=402"},"modified":"2026-02-08T20:14:28","modified_gmt":"2026-02-08T20:14:28","slug":"payments","status":"publish","type":"page","link":"https:\/\/shinegalapagos.com\/site\/payments\/","title":{"rendered":"Payments"},"content":{"rendered":"\t\t<div data-elementor-type=\"wp-page\" data-elementor-id=\"402\" class=\"elementor elementor-402\" data-elementor-post-type=\"page\">\n\t\t\t\t\t\t<section class=\"elementor-section elementor-top-section elementor-element elementor-element-208a582 elementor-section-boxed elementor-section-height-default elementor-section-height-default\" data-id=\"208a582\" data-element_type=\"section\" data-e-type=\"section\">\n\t\t\t\t\t\t<div class=\"elementor-container elementor-column-gap-default\">\n\t\t\t\t\t<div class=\"elementor-column elementor-col-100 elementor-top-column elementor-element elementor-element-7499252\" data-id=\"7499252\" data-element_type=\"column\" data-e-type=\"column\">\n\t\t\t<div class=\"elementor-widget-wrap elementor-element-populated\">\n\t\t\t\t\t\t<div class=\"elementor-element elementor-element-282da21 elementor-widget elementor-widget-text-editor\" data-id=\"282da21\" data-element_type=\"widget\" data-e-type=\"widget\" data-widget_type=\"text-editor.default\">\n\t\t\t\t<div class=\"elementor-widget-container\">\n\t\t\t\t\t\t\t\t\t<p>1.<strong> We accept Transfer Bank or Credit card:<\/strong><\/p>\n<p><span style=\"font-size: 1rem;\">We accept credit card or transfer bank payments through our travel&nbsp; financial correspondent WeTravel.<\/span><\/p>\n<p>If you choose bank transfer, we will receive payment in approximately 6 days.<\/p>\n<p><span style=\"font-size: 1rem;\">&nbsp;If you prefer to pay by regular bank transfer through your bank, you will be responsible for any transaction fees. If we receive less than the amount due, you will be responsible for the difference. Due to intermediary banks involved with the issuing banks, any discrepancies are unpredictable and will only be detected after the transfer is received. In this case, I recommend placing your order in US dollars and NOT in euros to avoid receiving a significantly lower amount due to the very unfavorable exchange rates.&nbsp;<\/span><\/p>\n<p>Payments with credit card. The&nbsp;<span style=\"font-size: 1rem;\">payment is immediate. The <b>final fee<\/b><\/span><span style=\"font-size: 1rem;\">&nbsp;will be clearly and transparently displayed at the time of payment.&nbsp;<\/span><\/p>\n<p><span style=\"font-size: 1rem;\">Here are the steps to follow:<\/span><\/p>\n<ul>\n<li>Send the information requested to booking.&nbsp;<a href=\"https:\/\/shinegalapagos.com\/site\/bookings\/\">Bookings \u2013 Shine Galapagos<\/a><\/li>\n<li>&nbsp;E-mail for the payment:&nbsp;<strong style=\"background-color: transparent;\"><a href=\"mailto:salesgalapagos@gmail.com\">salesgalapagos@gmail.com<\/a>&nbsp;<\/strong><span style=\"background-color: transparent;\">or info@shinegalapagos.com<\/span><\/li>\n<li><span style=\"background-color: transparent;\">We send a document with all details of your booking with a link of WeTravel<\/span><\/li>\n<li><span style=\"background-color: transparent;\">Choose the payment option and follow the steps<\/span><\/li>\n<li><span style=\"background-color: transparent;\">An e-mail will be sent with confirmation of payment.<\/span><\/li>\n<\/ul>\n<div>&nbsp;<\/div>\n<p><strong>2. We accept Western Union&#8217;s payments to:<\/strong><\/p>\n<p>NAME: Diana Elizabeth Pacha Iza<\/p>\n<p>ID CARD: (Please request this number by email if you choose this method)<\/p>\n<p>ADDRESS: Alangas\u00ed, Sim\u00f3n Bol\u00edvar Oe2-30 y Gaspar de Villarroel<\/p>\n<p>PHONE:&nbsp; +593 9 90679811<\/p>\n<p>COUNTRY: Ecuador<\/p>\n<p>CITY: Quito<\/p>\t\t\t\t\t\t\t\t<\/div>\n\t\t\t\t<\/div>\n\t\t\t\t\t<\/div>\n\t\t<\/div>\n\t\t\t\t\t<\/div>\n\t\t<\/section>\n\t\t\t\t<\/div>\n\t\t","protected":false},"excerpt":{"rendered":"<p>1. We accept Transfer Bank or Credit card: We accept credit card or transfer bank payments through our travel&nbsp; financial correspondent WeTravel. If you choose bank transfer, we will receive payment in approximately 6 days. &nbsp;If you prefer to pay by regular bank transfer through your bank, you will be responsible for any transaction fees. [&hellip;]<\/p>\n","protected":false},"author":1,"featured_media":0,"parent":0,"menu_order":0,"comment_status":"closed","ping_status":"closed","template":"","meta":{"_acf_changed":false,"footnotes":""},"class_list":["post-402","page","type-page","status-publish","hentry"],"acf":[],"_links":{"self":[{"href":"https:\/\/shinegalapagos.com\/site\/wp-json\/wp\/v2\/pages\/402","targetHints":{"allow":["GET"]}}],"collection":[{"href":"https:\/\/shinegalapagos.com\/site\/wp-json\/wp\/v2\/pages"}],"about":[{"href":"https:\/\/shinegalapagos.com\/site\/wp-json\/wp\/v2\/types\/page"}],"author":[{"embeddable":true,"href":"https:\/\/shinegalapagos.com\/site\/wp-json\/wp\/v2\/users\/1"}],"replies":[{"embeddable":true,"href":"https:\/\/shinegalapagos.com\/site\/wp-json\/wp\/v2\/comments?post=402"}],"version-history":[{"count":0,"href":"https:\/\/shinegalapagos.com\/site\/wp-json\/wp\/v2\/pages\/402\/revisions"}],"wp:attachment":[{"href":"https:\/\/shinegalapagos.com\/site\/wp-json\/wp\/v2\/media?parent=402"}],"curies":[{"name":"wp","href":"https:\/\/api.w.org\/{rel}","templated":true}]}}